{"id":5889,"date":"2021-02-04T11:40:52","date_gmt":"2021-02-04T10:40:52","guid":{"rendered":"https:\/\/test.effency.fr\/our-partners\/"},"modified":"2021-02-04T11:40:56","modified_gmt":"2021-02-04T10:40:56","slug":"our-partners","status":"publish","type":"page","link":"https:\/\/test.effency.fr\/en\/our-partners\/","title":{"rendered":"Our Partners"},"content":{"rendered":"\t\t<div data-elementor-type=\"wp-post\" data-elementor-id=\"5889\" class=\"elementor elementor-5889 elementor-5215\">\n\t\t\t\t\t\t<div class=\"elementor-inner\">\n\t\t\t\t<div class=\"elementor-section-wrap\">\n\t\t\t\t\t\t\t\t\t<section class=\"elementor-section elementor-top-section elementor-element elementor-element-692aefa elementor-section-boxed elementor-section-height-default elementor-section-height-default\" data-id=\"692aefa\" data-element_type=\"section\" data-settings=\"{&quot;background_background&quot;:&quot;classic&quot;}\">\n\t\t\t\t\t\t<div class=\"elementor-container elementor-column-gap-default\">\n\t\t\t\t\t\t\t<div class=\"elementor-row\">\n\t\t\t\t\t<div class=\"elementor-column elementor-col-100 elementor-top-column elementor-element elementor-element-bfafedd\" data-id=\"bfafedd\" data-element_type=\"column\" data-settings=\"{&quot;background_background&quot;:&quot;classic&quot;}\">\n\t\t\t<div class=\"elementor-column-wrap\">\n\t\t\t\t\t\t\t<div class=\"elementor-widget-wrap\">\n\t\t\t\t\t\t\t\t<\/div>\n\t\t\t\t\t<\/div>\n\t\t<\/div>\n\t\t\t\t\t\t\t\t<\/div>\n\t\t\t\t\t<\/div>\n\t\t<\/section>\n\t\t\t\t<section class=\"elementor-section elementor-top-section elementor-element elementor-element-88ef884 elementor-section-boxed elementor-section-height-default elementor-section-height-default\" data-id=\"88ef884\" data-element_type=\"section\" data-settings=\"{&quot;background_background&quot;:&quot;classic&quot;}\">\n\t\t\t\t\t\t<div class=\"elementor-container elementor-column-gap-default\">\n\t\t\t\t\t\t\t<div class=\"elementor-row\">\n\t\t\t\t\t<div class=\"elementor-column elementor-col-100 elementor-top-column elementor-element elementor-element-84f7823\" data-id=\"84f7823\" data-element_type=\"column\" data-settings=\"{&quot;background_background&quot;:&quot;classic&quot;}\">\n\t\t\t<div class=\"elementor-column-wrap elementor-element-populated\">\n\t\t\t\t\t<div class=\"elementor-background-overlay\"><\/div>\n\t\t\t\t\t\t\t<div class=\"elementor-widget-wrap\">\n\t\t\t\t\t\t<div class=\"elementor-element elementor-element-d4dca13 elementor-widget elementor-widget-heading\" data-id=\"d4dca13\" data-element_type=\"widget\" data-widget_type=\"heading.default\">\n\t\t\t\t<div class=\"elementor-widget-container\">\n\t\t\t<h2 class=\"elementor-heading-title elementor-size-default\">Our COACHING Partners<\/h2>\t\t<\/div>\n\t\t\t\t<\/div>\n\t\t\t\t<div class=\"elementor-element elementor-element-5cc27f6 elementor-widget elementor-widget-spacer\" data-id=\"5cc27f6\" data-element_type=\"widget\" data-widget_type=\"spacer.default\">\n\t\t\t\t<div class=\"elementor-widget-container\">\n\t\t\t\t\t<div class=\"elementor-spacer\">\n\t\t\t<div class=\"elementor-spacer-inner\"><\/div>\n\t\t<\/div>\n\t\t\t\t<\/div>\n\t\t\t\t<\/div>\n\t\t\t\t<div class=\"elementor-element elementor-element-2c733db animated-fast elementor-invisible elementor-widget elementor-widget-text-editor\" data-id=\"2c733db\" data-element_type=\"widget\" data-settings=\"{&quot;_animation&quot;:&quot;zoomIn&quot;}\" data-widget_type=\"text-editor.default\">\n\t\t\t\t<div class=\"elementor-widget-container\">\n\t\t\t\t\t\t\t\t<div class=\"elementor-text-editor elementor-clearfix\">\n\t\t\t\t<p>To support its efforts, EFFENCY has partnered with <strong>two coaching and training structures with a multi-cultural dimension.<\/strong><\/p>\n<p>Our expert partners are included in our R&amp;D co-creation processes.<\/p>\n<p>What they bring you:<\/p>\n<ul>\n<li>The finesse of human coaching to ensure the <strong>proper understanding of the concepts<\/strong><\/li>\n<li>The <strong>support offered by your managers<\/strong> on a daily basis<\/li>\n<li>Their <strong>expertise<\/strong> during the debriefing workshops of the mapping of the collaborative profile of your teams<\/li>\n<li>Complementary individual and\/or group <strong>coaching to accompany change<\/strong><\/li>\n<\/ul>\n<p>&nbsp;<\/p>\n\t\t\t\t\t<\/div>\n\t\t\t\t\t\t<\/div>\n\t\t\t\t<\/div>\n\t\t\t\t\t\t<\/div>\n\t\t\t\t\t<\/div>\n\t\t<\/div>\n\t\t\t\t\t\t\t\t<\/div>\n\t\t\t\t\t<\/div>\n\t\t<\/section>\n\t\t\t\t<section class=\"elementor-section elementor-top-section elementor-element elementor-element-152c00d elementor-section-boxed elementor-section-height-default elementor-section-height-default\" data-id=\"152c00d\" data-element_type=\"section\" data-settings=\"{&quot;background_background&quot;:&quot;classic&quot;,&quot;animation&quot;:&quot;none&quot;}\">\n\t\t\t\t\t\t<div class=\"elementor-container elementor-column-gap-wide\">\n\t\t\t\t\t\t\t<div class=\"elementor-row\">\n\t\t\t\t\t<div class=\"elementor-column elementor-col-50 elementor-top-column elementor-element elementor-element-09b747f\" data-id=\"09b747f\" data-element_type=\"column\" data-settings=\"{&quot;animation&quot;:&quot;none&quot;,&quot;background_background&quot;:&quot;classic&quot;}\">\n\t\t\t<div class=\"elementor-column-wrap elementor-element-populated\">\n\t\t\t\t\t\t\t<div class=\"elementor-widget-wrap\">\n\t\t\t\t\t\t<div class=\"elementor-element elementor-element-688dce8 animated-fast elementor-invisible elementor-widget elementor-widget-image\" data-id=\"688dce8\" data-element_type=\"widget\" data-settings=\"{&quot;_animation&quot;:&quot;zoomIn&quot;}\" data-widget_type=\"image.default\">\n\t\t\t\t<div class=\"elementor-widget-container\">\n\t\t\t\t\t\t\t\t<div class=\"elementor-image\">\n\t\t\t\t\t\t\t\t\t\t\t\t\t<a href=\"https:\/\/lapetiteetincelle-coaching.com\/\">\n\t\t\t\t\t\t\t<img decoding=\"async\" width=\"300\" height=\"148\" src=\"https:\/\/test.effency.fr\/wp-content\/uploads\/2020\/08\/logo-petite-etincelle-couleur-300x148.png\" class=\"attachment-medium size-medium wp-image-5895\" alt=\"\" loading=\"lazy\" srcset=\"https:\/\/test.effency.fr\/wp-content\/uploads\/2020\/08\/logo-petite-etincelle-couleur-300x148.png 300w, https:\/\/test.effency.fr\/wp-content\/uploads\/2020\/08\/logo-petite-etincelle-couleur.png 559w\" sizes=\"(max-width: 300px) 100vw, 300px\" \/>\t\t\t\t\t\t\t\t<\/a>\n\t\t\t\t\t\t\t\t\t\t\t\t\t\t<\/div>\n\t\t\t\t\t\t<\/div>\n\t\t\t\t<\/div>\n\t\t\t\t<div class=\"elementor-element elementor-element-773deb8 elementor-widget elementor-widget-spacer\" data-id=\"773deb8\" data-element_type=\"widget\" data-widget_type=\"spacer.default\">\n\t\t\t\t<div class=\"elementor-widget-container\">\n\t\t\t\t\t<div class=\"elementor-spacer\">\n\t\t\t<div class=\"elementor-spacer-inner\"><\/div>\n\t\t<\/div>\n\t\t\t\t<\/div>\n\t\t\t\t<\/div>\n\t\t\t\t<div class=\"elementor-element elementor-element-89452f6 animated-fast elementor-invisible elementor-widget elementor-widget-text-editor\" data-id=\"89452f6\" data-element_type=\"widget\" data-settings=\"{&quot;_animation&quot;:&quot;zoomIn&quot;}\" data-widget_type=\"text-editor.default\">\n\t\t\t\t<div class=\"elementor-widget-container\">\n\t\t\t\t\t\t\t\t<div class=\"elementor-text-editor elementor-clearfix\">\n\t\t\t\t<p>LA PETITE \u00c9TINCELLE is a company of experts in cooperation on 3 axes of support for change: professional <strong>coaching<\/strong>, <strong>consulting<\/strong> and <strong>training<\/strong> (Datadocked training organisation). All this, while promoting <strong>enthusiasm<\/strong> as a driver of change.<\/p>\n<p>&#8220;Our added value is to bring out the little extra for a radiant <strong>cooperation<\/strong><\/p>\n<p>Our coaching method is based on the following points:<\/p>\n<ul>\n<li>Combining the <strong>systemic<\/strong> approach with <strong>positive psychology<\/strong><\/li>\n<li>Debrief the team&#8217;s mapping and the manager&#8217;s general intention<\/li>\n<li><strong>Coach<\/strong> teams on demand based on team mapping and delegated facilitation<\/li>\n<\/ul>\n<p>What do you reap? A more <strong>efficient<\/strong> team for more satisfied customers and <strong>synergies<\/strong> between relational and digital approach.&#8221;<\/p>\n<p>&nbsp;<\/p>\n\t\t\t\t\t<\/div>\n\t\t\t\t\t\t<\/div>\n\t\t\t\t<\/div>\n\t\t\t\t\t\t<\/div>\n\t\t\t\t\t<\/div>\n\t\t<\/div>\n\t\t\t\t<div class=\"elementor-column elementor-col-50 elementor-top-column elementor-element elementor-element-26a0ba7\" data-id=\"26a0ba7\" data-element_type=\"column\" data-settings=\"{&quot;background_background&quot;:&quot;classic&quot;}\">\n\t\t\t<div class=\"elementor-column-wrap elementor-element-populated\">\n\t\t\t\t\t\t\t<div class=\"elementor-widget-wrap\">\n\t\t\t\t\t\t<div class=\"elementor-element elementor-element-4db92f5 animated-fast elementor-invisible elementor-widget elementor-widget-image\" data-id=\"4db92f5\" data-element_type=\"widget\" data-settings=\"{&quot;_animation&quot;:&quot;zoomIn&quot;}\" data-widget_type=\"image.default\">\n\t\t\t\t<div class=\"elementor-widget-container\">\n\t\t\t\t\t\t\t\t<div class=\"elementor-image\">\n\t\t\t\t\t\t\t\t\t\t\t\t\t<a href=\"https:\/\/www.linkedin.com\/in\/viviana-siclari-860a2147\/?originalSubdomain=lu\">\n\t\t\t\t\t\t\t<img decoding=\"async\" width=\"300\" height=\"98\" src=\"https:\/\/test.effency.fr\/wp-content\/uploads\/2021\/01\/Screenshot-2021-01-19-at-10.14.48.png\" class=\"attachment-medium size-medium wp-image-5774\" alt=\"\" loading=\"lazy\" \/>\t\t\t\t\t\t\t\t<\/a>\n\t\t\t\t\t\t\t\t\t\t\t\t\t\t<\/div>\n\t\t\t\t\t\t<\/div>\n\t\t\t\t<\/div>\n\t\t\t\t<div class=\"elementor-element elementor-element-0f2e3e1 elementor-widget elementor-widget-spacer\" data-id=\"0f2e3e1\" data-element_type=\"widget\" data-widget_type=\"spacer.default\">\n\t\t\t\t<div class=\"elementor-widget-container\">\n\t\t\t\t\t<div class=\"elementor-spacer\">\n\t\t\t<div class=\"elementor-spacer-inner\"><\/div>\n\t\t<\/div>\n\t\t\t\t<\/div>\n\t\t\t\t<\/div>\n\t\t\t\t<div class=\"elementor-element elementor-element-bd6bba3 animated-fast elementor-invisible elementor-widget elementor-widget-text-editor\" data-id=\"bd6bba3\" data-element_type=\"widget\" data-settings=\"{&quot;_animation&quot;:&quot;zoomIn&quot;}\" data-widget_type=\"text-editor.default\">\n\t\t\t\t<div class=\"elementor-widget-container\">\n\t\t\t\t\t\t\t\t<div class=\"elementor-text-editor elementor-clearfix\">\n\t\t\t\t<p>SICLAVY helps managers, collaborators and teams to reach their development and transformation objectives by relying on their specificities and their collective strength.<\/p>\n<p>We adopt a variety of approaches including coaching, consulting and training. In addition, we use a variety of tools and expertise by adapting them to the specific needs of our clients: communication, video, digital tools and understanding of the human personality. The important thing is to find the most effective approach for the person or team we accompany.<\/p>\n<p>Thanks to our long international experience, we naturally work with people from different backgrounds and multicultural teams in French, English, German and Italian.<\/p>\n\t\t\t\t\t<\/div>\n\t\t\t\t\t\t<\/div>\n\t\t\t\t<\/div>\n\t\t\t\t\t\t<\/div>\n\t\t\t\t\t<\/div>\n\t\t<\/div>\n\t\t\t\t\t\t\t\t<\/div>\n\t\t\t\t\t<\/div>\n\t\t<\/section>\n\t\t\t\t<section class=\"elementor-section elementor-top-section elementor-element elementor-element-852504f elementor-section-boxed elementor-section-height-default elementor-section-height-default\" data-id=\"852504f\" data-element_type=\"section\" data-settings=\"{&quot;background_background&quot;:&quot;classic&quot;}\">\n\t\t\t\t\t\t<div class=\"elementor-container elementor-column-gap-default\">\n\t\t\t\t\t\t\t<div class=\"elementor-row\">\n\t\t\t\t\t<div class=\"elementor-column elementor-col-100 elementor-top-column elementor-element elementor-element-2d42d93\" data-id=\"2d42d93\" data-element_type=\"column\" data-settings=\"{&quot;background_background&quot;:&quot;classic&quot;}\">\n\t\t\t<div class=\"elementor-column-wrap elementor-element-populated\">\n\t\t\t\t\t\t\t<div class=\"elementor-widget-wrap\">\n\t\t\t\t\t\t<div class=\"elementor-element elementor-element-945aea2 elementor-widget elementor-widget-text-editor\" data-id=\"945aea2\" data-element_type=\"widget\" data-widget_type=\"text-editor.default\">\n\t\t\t\t<div class=\"elementor-widget-container\">\n\t\t\t\t\t\t\t\t<div class=\"elementor-text-editor elementor-clearfix\">\n\t\t\t\t<p>efficacit\u00e9 collective \u00e9quipe management RH t\u00e9l\u00e9travail\u00a0<span style=\"font-size: 15px; font-style: normal; font-weight: 400;\">efficacit\u00e9 collective \u00e9quipe management RH t\u00e9l\u00e9travail\u00a0<\/span><span style=\"font-size: 15px; font-style: normal; font-weight: 400;\">efficacit\u00e9 collective \u00e9quipe management RH t\u00e9l\u00e9travail\u00a0<\/span><span style=\"font-size: 15px; font-style: normal; font-weight: 400;\">efficacit\u00e9 collective \u00e9quipe management RH t\u00e9l\u00e9travail\u00a0<\/span><span style=\"font-size: 15px; font-style: normal; font-weight: 400;\">efficacit\u00e9 collective \u00e9quipe management RH t\u00e9l\u00e9travail\u00a0<\/span><span style=\"font-size: 15px; font-style: normal; font-weight: 400;\">efficacit\u00e9 collective \u00e9quipe management RH t\u00e9l\u00e9travail\u00a0<\/span><span style=\"font-size: 15px; font-style: normal; font-weight: 400;\">efficacit\u00e9 collective \u00e9quipe management RH t\u00e9l\u00e9travail\u00a0<\/span><span style=\"font-size: 15px; font-style: normal; font-weight: 400;\">efficacit\u00e9 collective \u00e9quipe management RH t\u00e9l\u00e9travail\u00a0<\/span><span style=\"font-size: 15px; font-style: normal; font-weight: 400;\">efficacit\u00e9 collective \u00e9quipe management RH t\u00e9l\u00e9travail\u00a0<\/span><span style=\"font-size: 15px; font-style: normal; font-weight: 400;\">efficacit\u00e9 collective \u00e9quipe management RH t\u00e9l\u00e9travail\u00a0<\/span><span style=\"font-size: 15px; font-style: normal; font-weight: 400;\">efficacit\u00e9 collective \u00e9quipe management RH t\u00e9l\u00e9travail\u00a0<\/span><span style=\"font-size: 15px; font-style: normal; font-weight: 400;\">efficacit\u00e9 collective \u00e9quipe management RH t\u00e9l\u00e9travail\u00a0<\/span><span style=\"font-size: 15px; font-style: normal; font-weight: 400;\">efficacit\u00e9 collective \u00e9quipe management RH t\u00e9l\u00e9travail\u00a0<\/span><span style=\"font-size: 15px; font-style: normal; font-weight: 400;\">efficacit\u00e9 collective \u00e9quipe management RH t\u00e9l\u00e9travail efficacit\u00e9 collective \u00e9quipe management RH t\u00e9l\u00e9travail efficacit\u00e9 collective \u00e9quipe management RH t\u00e9l\u00e9travail efficacit\u00e9 collective \u00e9quipe management RH t\u00e9l\u00e9travail efficacit\u00e9 collective \u00e9quipe management RH t\u00e9l\u00e9travail efficacit\u00e9 collective \u00e9quipe management RH t\u00e9l\u00e9travail efficacit\u00e9 collective \u00e9quipe management RH t\u00e9l\u00e9travail efficacit\u00e9 collective \u00e9quipe management RH t\u00e9l\u00e9travail efficacit\u00e9 collective \u00e9quipe management RH t\u00e9l\u00e9travail efficacit\u00e9 collective \u00e9quipe management RH t\u00e9l\u00e9travail\u00a0<\/span><\/p>\n\t\t\t\t\t<\/div>\n\t\t\t\t\t\t<\/div>\n\t\t\t\t<\/div>\n\t\t\t\t\t\t<\/div>\n\t\t\t\t\t<\/div>\n\t\t<\/div>\n\t\t\t\t\t\t\t\t<\/div>\n\t\t\t\t\t<\/div>\n\t\t<\/section>\n\t\t\t\t\t\t\t\t\t<\/div>\n\t\t\t<\/div>\n\t\t\t\t\t<\/div>\n\t\t","protected":false},"excerpt":{"rendered":"<p>Our COACHING Partners To support its efforts, EFFENCY has partnered with two coaching and training structures with a multi-cultural dimension. Our expert partners are included in our R&amp;D co-creation processes. What they bring you: The finesse of human coaching to ensure the proper understanding of the concepts The support offered by your managers on a &hellip;<\/p>\n<p class=\"read-more\"> <a class=\"\" href=\"https:\/\/test.effency.fr\/en\/our-partners\/\"> <span class=\"screen-reader-text\">Our Partners<\/span> Read More &raquo;<\/a><\/p>\n","protected":false},"author":11,"featured_media":0,"parent":0,"menu_order":0,"comment_status":"closed","ping_status":"closed","template":"","meta":{"_mi_skip_tracking":false,"_monsterinsights_sitenote_active":false,"_monsterinsights_sitenote_note":"","_monsterinsights_sitenote_category":0},"yoast_head":"<!-- This site is optimized with the Yoast SEO plugin v20.11 - https:\/\/yoast.com\/wordpress\/plugins\/seo\/ -->\n<title>Our Partners - Effency<\/title>\n<meta name=\"robots\" content=\"index, follow, max-snippet:-1, max-image-preview:large, max-video-preview:-1\" \/>\n<link rel=\"canonical\" href=\"https:\/\/test.effency.fr\/en\/our-partners\/\" \/>\n<meta property=\"og:locale\" content=\"en_US\" \/>\n<meta property=\"og:type\" content=\"article\" \/>\n<meta property=\"og:title\" content=\"Our Partners - Effency\" \/>\n<meta property=\"og:description\" content=\"Our COACHING Partners To support its efforts, EFFENCY has partnered with two coaching and training structures with a multi-cultural dimension. Our expert partners are included in our R&amp;D co-creation processes. What they bring you: The finesse of human coaching to ensure the proper understanding of the concepts The support offered by your managers on a &hellip; Our Partners Read More &raquo;\" \/>\n<meta property=\"og:url\" content=\"https:\/\/test.effency.fr\/en\/our-partners\/\" \/>\n<meta property=\"og:site_name\" content=\"Effency\" \/>\n<meta property=\"article:publisher\" content=\"https:\/\/www.facebook.com\/Effency.team\/\" \/>\n<meta property=\"article:modified_time\" content=\"2021-02-04T10:40:56+00:00\" \/>\n<meta property=\"og:image\" content=\"https:\/\/test.effency.fr\/wp-content\/uploads\/2020\/08\/logo-petite-etincelle-couleur-300x148.png\" \/>\n<meta name=\"twitter:card\" content=\"summary_large_image\" \/>\n<meta name=\"twitter:site\" content=\"@effency_fc\" \/>\n<meta name=\"twitter:label1\" content=\"Est. reading time\" \/>\n\t<meta name=\"twitter:data1\" content=\"2 minutes\" \/>\n<script type=\"application\/ld+json\" class=\"yoast-schema-graph\">{\"@context\":\"https:\/\/schema.org\",\"@graph\":[{\"@type\":\"WebPage\",\"@id\":\"https:\/\/test.effency.fr\/en\/our-partners\/\",\"url\":\"https:\/\/test.effency.fr\/en\/our-partners\/\",\"name\":\"Our Partners - Effency\",\"isPartOf\":{\"@id\":\"https:\/\/test.effency.fr\/#website\"},\"datePublished\":\"2021-02-04T10:40:52+00:00\",\"dateModified\":\"2021-02-04T10:40:56+00:00\",\"inLanguage\":\"en-US\",\"potentialAction\":[{\"@type\":\"ReadAction\",\"target\":[\"https:\/\/test.effency.fr\/en\/our-partners\/\"]}]},{\"@type\":\"WebSite\",\"@id\":\"https:\/\/test.effency.fr\/#website\",\"url\":\"https:\/\/test.effency.fr\/\",\"name\":\"Effency\",\"description\":\"Le premier coach digital en efficacit\u00e9 collective\",\"potentialAction\":[{\"@type\":\"SearchAction\",\"target\":{\"@type\":\"EntryPoint\",\"urlTemplate\":\"https:\/\/test.effency.fr\/?s={search_term_string}\"},\"query-input\":\"required name=search_term_string\"}],\"inLanguage\":\"en-US\"}]}<\/script>\n<!-- \/ Yoast SEO plugin. -->","yoast_head_json":{"title":"Our Partners - Effency","robots":{"index":"index","follow":"follow","max-snippet":"max-snippet:-1","max-image-preview":"max-image-preview:large","max-video-preview":"max-video-preview:-1"},"canonical":"https:\/\/test.effency.fr\/en\/our-partners\/","og_locale":"en_US","og_type":"article","og_title":"Our Partners - Effency","og_description":"Our COACHING Partners To support its efforts, EFFENCY has partnered with two coaching and training structures with a multi-cultural dimension. Our expert partners are included in our R&amp;D co-creation processes. What they bring you: The finesse of human coaching to ensure the proper understanding of the concepts The support offered by your managers on a &hellip; Our Partners Read More &raquo;","og_url":"https:\/\/test.effency.fr\/en\/our-partners\/","og_site_name":"Effency","article_publisher":"https:\/\/www.facebook.com\/Effency.team\/","article_modified_time":"2021-02-04T10:40:56+00:00","og_image":[{"url":"https:\/\/test.effency.fr\/wp-content\/uploads\/2020\/08\/logo-petite-etincelle-couleur-300x148.png"}],"twitter_card":"summary_large_image","twitter_site":"@effency_fc","twitter_misc":{"Est. reading time":"2 minutes"},"schema":{"@context":"https:\/\/schema.org","@graph":[{"@type":"WebPage","@id":"https:\/\/test.effency.fr\/en\/our-partners\/","url":"https:\/\/test.effency.fr\/en\/our-partners\/","name":"Our Partners - Effency","isPartOf":{"@id":"https:\/\/test.effency.fr\/#website"},"datePublished":"2021-02-04T10:40:52+00:00","dateModified":"2021-02-04T10:40:56+00:00","inLanguage":"en-US","potentialAction":[{"@type":"ReadAction","target":["https:\/\/test.effency.fr\/en\/our-partners\/"]}]},{"@type":"WebSite","@id":"https:\/\/test.effency.fr\/#website","url":"https:\/\/test.effency.fr\/","name":"Effency","description":"Le premier coach digital en efficacit\u00e9 collective","potentialAction":[{"@type":"SearchAction","target":{"@type":"EntryPoint","urlTemplate":"https:\/\/test.effency.fr\/?s={search_term_string}"},"query-input":"required name=search_term_string"}],"inLanguage":"en-US"}]}},"_links":{"self":[{"href":"https:\/\/test.effency.fr\/en\/wp-json\/wp\/v2\/pages\/5889"}],"collection":[{"href":"https:\/\/test.effency.fr\/en\/wp-json\/wp\/v2\/pages"}],"about":[{"href":"https:\/\/test.effency.fr\/en\/wp-json\/wp\/v2\/types\/page"}],"author":[{"embeddable":true,"href":"https:\/\/test.effency.fr\/en\/wp-json\/wp\/v2\/users\/11"}],"replies":[{"embeddable":true,"href":"https:\/\/test.effency.fr\/en\/wp-json\/wp\/v2\/comments?post=5889"}],"version-history":[{"count":3,"href":"https:\/\/test.effency.fr\/en\/wp-json\/wp\/v2\/pages\/5889\/revisions"}],"predecessor-version":[{"id":5900,"href":"https:\/\/test.effency.fr\/en\/wp-json\/wp\/v2\/pages\/5889\/revisions\/5900"}],"wp:attachment":[{"href":"https:\/\/test.effency.fr\/en\/wp-json\/wp\/v2\/media?parent=5889"}],"curies":[{"name":"wp","href":"https:\/\/api.w.org\/{rel}","templated":true}]}}